{"id":110,"date":"2024-11-03T22:27:13","date_gmt":"2024-11-03T22:27:13","guid":{"rendered":"https:\/\/itaca.pro\/?page_id=110"},"modified":"2024-11-03T22:34:58","modified_gmt":"2024-11-03T22:34:58","slug":"community-answers","status":"publish","type":"page","link":"https:\/\/itaca.ai\/en\/respuestas-de-la-comunidad\/","title":{"rendered":"Responses"},"content":{"rendered":"<p><\/p>\n\n\n\n<p>Explore valuable knowledge at Ithaca Answers! Discover questions asked by physicians and view answers on a variety of medical topics. Review selected answers to stay informed about the latest advances, treatment options and clinical perspectives shared by our community.<br><\/p>\n\n\n\n<div class=\"wp-block-buttons is-layout-flex wp-block-buttons-is-layout-flex\">\n<div class=\"wp-block-button\"><a class=\"wp-block-button__link wp-element-button\" href=\"https:\/\/app.itaca.pro\/q\/queries\">Explore Now<\/a><\/div>\n<\/div>\n\n\n\n<p><\/p>","protected":false},"excerpt":{"rendered":"<p>Explora conocimientos valiosos en Itaca Respuestas! Descubre preguntas realizadas por m\u00e9dicos y consulta las respuestas en una variedad de temas m\u00e9dicos. Revisa respuestas seleccionadas para mantenerte informado sobre los \u00faltimos avances, opciones de tratamiento y perspectivas cl\u00ednicas compartidas por nuestra&#8230;<\/p>","protected":false},"author":1,"featured_media":0,"parent":0,"menu_order":0,"comment_status":"closed","ping_status":"closed","template":"","meta":{"nf_dc_page":"","slim_seo":{"title":"Respuestas - Itaca","description":"Explore valuable knowledge at Ithaca Answers! Discover questions asked by physicians and view answers on a variety of medical topics. Check out"},"footnotes":""},"class_list":["post-110","page","type-page","status-publish","hentry"],"jetpack_sharing_enabled":true,"_links":{"self":[{"href":"https:\/\/itaca.ai\/en\/wp-json\/wp\/v2\/pages\/110","targetHints":{"allow":["GET"]}}],"collection":[{"href":"https:\/\/itaca.ai\/en\/wp-json\/wp\/v2\/pages"}],"about":[{"href":"https:\/\/itaca.ai\/en\/wp-json\/wp\/v2\/types\/page"}],"author":[{"embeddable":true,"href":"https:\/\/itaca.ai\/en\/wp-json\/wp\/v2\/users\/1"}],"replies":[{"embeddable":true,"href":"https:\/\/itaca.ai\/en\/wp-json\/wp\/v2\/comments?post=110"}],"version-history":[{"count":1,"href":"https:\/\/itaca.ai\/en\/wp-json\/wp\/v2\/pages\/110\/revisions"}],"predecessor-version":[{"id":114,"href":"https:\/\/itaca.ai\/en\/wp-json\/wp\/v2\/pages\/110\/revisions\/114"}],"wp:attachment":[{"href":"https:\/\/itaca.ai\/en\/wp-json\/wp\/v2\/media?parent=110"}],"curies":[{"name":"wp","href":"https:\/\/api.w.org\/{rel}","templated":true}]}}