{"id":22,"date":"2024-08-22T21:31:29","date_gmt":"2024-08-22T21:31:29","guid":{"rendered":"https:\/\/itaca.pro\/?page_id=22"},"modified":"2024-08-25T16:38:29","modified_gmt":"2024-08-25T16:38:29","slug":"respostas","status":"publish","type":"page","link":"https:\/\/itaca.ai\/pt\/respuestas\/","title":{"rendered":"Respostas para m\u00e9dicos com fontes e refer\u00eancias"},"content":{"rendered":"<p><\/p>\n\n\n\n<div class=\"wp-block-group is-layout-constrained wp-container-core-group-is-layout-a434f93b wp-block-group-is-layout-constrained\" style=\"padding-top:var(--wp--preset--spacing--80);padding-right:var(--wp--preset--spacing--40);padding-bottom:var(--wp--preset--spacing--80);padding-left:var(--wp--preset--spacing--40)\">\n<div class=\"wp-block-columns are-vertically-aligned-center is-layout-flex wp-container-core-columns-is-layout-08a2a807 wp-block-columns-is-layout-flex\">\n<div class=\"wp-block-column is-vertically-aligned-center is-layout-flow wp-block-column-is-layout-flow\" style=\"flex-basis:40%\">\n<h1 class=\"wp-block-heading is-style-default has-xx-large-font-size\" style=\"font-style:normal;font-weight:600;line-height:1\">Suas perguntas cl\u00ednicas. Respondidas.<\/h1>\n\n\n\n<p>\ud83d\udcda <strong>Obtenha respostas cl\u00ednicas instant\u00e2neas, com o apoio de fontes confi\u00e1veis<\/strong><br>Perfeito para apoiar suas decis\u00f5es durante uma consulta, como o ajuste de um tratamento ou o esclarecimento de d\u00favidas do paciente em tempo real. <\/p>\n\n\n\n<p>\ud83d\udd04 <strong>Fa\u00e7a perguntas de acompanhamento e mantenha o contexto<\/strong><br>Com perguntas de acompanhamento, aprofunde-se em qualquer t\u00f3pico, mantendo o contexto completo da conversa anterior, otimizando sua busca por informa\u00e7\u00f5es precisas.<\/p>\n\n\n\n<p>\ud83d\udd17 <strong>Copie ou compartilhe respostas com facilidade<\/strong><br>Copie as respostas obtidas para sua documenta\u00e7\u00e3o ou compartilhe-as rapidamente com colegas e pacientes, garantindo uma comunica\u00e7\u00e3o clara e eficiente em todos os momentos.<\/p>\n\n\n\n<div class=\"wp-block-buttons is-layout-flex wp-block-buttons-is-layout-flex\" style=\"margin-top:var(--wp--preset--spacing--60)\">\n<div class=\"wp-block-button is-style-button-hover-secondary-bgcolor\"><a class=\"wp-block-button__link has-heading-color-background-color has-background wp-element-button\" href=\"https:\/\/app.itaca.pro\/sign_up?locale=pt\" style=\"border-radius:50px\">Comece agora&nbsp;<\/a><\/div>\n<\/div>\n<\/div>\n\n\n\n<div class=\"wp-block-column is-vertically-aligned-center is-layout-flow wp-block-column-is-layout-flow\">\n<figure class=\"wp-block-embed is-type-video is-provider-youtube wp-block-embed-youtube wp-embed-aspect-9-16 wp-has-aspect-ratio\" style=\"margin-top:0;margin-right:var(--wp--preset--spacing--80);margin-bottom:0;margin-left:var(--wp--preset--spacing--80)\"><div class=\"wp-block-embed__wrapper\">\nhttps:\/\/home1\/fpwtbmmy\/public_html.youtube.com\/shorts\/2Towu0uz2es?feature=share\n<\/div><\/figure>\n<\/div>\n<\/div>\n<\/div>\n\n\n\n<p><\/p>","protected":false},"excerpt":{"rendered":"<p>Sus preguntas cl\u00ednicas. Respondidas. \ud83d\udcda Obtenga respuestas cl\u00ednicas al instante, respaldadas por fuentes confiablesPerfecto para respaldar sus decisiones durante la consulta, como ajustar un tratamiento o aclarar dudas del paciente en tiempo real. \ud83d\udd04 Realice preguntas de seguimiento y mantenga&#8230;<\/p>","protected":false},"author":2,"featured_media":0,"parent":0,"menu_order":0,"comment_status":"closed","ping_status":"closed","template":"page-full-width","meta":{"nf_dc_page":"","slim_seo":{"description":"Obtenha respostas cl\u00ednicas instant\u00e2neas, respaldadas por fontes confi\u00e1veis. Perfeito para apoiar suas decis\u00f5es durante a consulta.","title":"Respuestas para m\u00e9dicos con fuentes y referencias - Itaca"},"footnotes":""},"class_list":["post-22","page","type-page","status-publish","hentry"],"jetpack_sharing_enabled":true,"_links":{"self":[{"href":"https:\/\/itaca.ai\/pt\/wp-json\/wp\/v2\/pages\/22","targetHints":{"allow":["GET"]}}],"collection":[{"href":"https:\/\/itaca.ai\/pt\/wp-json\/wp\/v2\/pages"}],"about":[{"href":"https:\/\/itaca.ai\/pt\/wp-json\/wp\/v2\/types\/page"}],"author":[{"embeddable":true,"href":"https:\/\/itaca.ai\/pt\/wp-json\/wp\/v2\/users\/2"}],"replies":[{"embeddable":true,"href":"https:\/\/itaca.ai\/pt\/wp-json\/wp\/v2\/comments?post=22"}],"version-history":[{"count":0,"href":"https:\/\/itaca.ai\/pt\/wp-json\/wp\/v2\/pages\/22\/revisions"}],"wp:attachment":[{"href":"https:\/\/itaca.ai\/pt\/wp-json\/wp\/v2\/media?parent=22"}],"curies":[{"name":"wp","href":"https:\/\/api.w.org\/{rel}","templated":true}]}}