{"id":32,"date":"2024-08-31T22:23:28","date_gmt":"2024-08-31T22:23:28","guid":{"rendered":"https:\/\/itaca.pro\/?page_id=32"},"modified":"2025-09-13T18:44:44","modified_gmt":"2025-09-13T18:44:44","slug":"faq-2","status":"publish","type":"page","link":"https:\/\/itaca.ai\/pt\/faq-2\/","title":{"rendered":"Perguntas frequentes"},"content":{"rendered":"<figure class=\"wp-block-image aligncenter size-large is-resized\"><img data-recalc-dims=\"1\" loading=\"lazy\" decoding=\"async\" width=\"1024\" height=\"474\" src=\"https:\/\/i0.wp.com\/itaca.ai\/wp-content\/uploads\/2024\/08\/25729e7c-9ebd-451e-8278-b1d297125c20-1.png?resize=1024%2C474&#038;ssl=1\" alt=\"Perguntas frequentes\" class=\"wp-image-40\" style=\"width:642px;height:auto\" srcset=\"https:\/\/i0.wp.com\/itaca.ai\/wp-content\/uploads\/2024\/08\/25729e7c-9ebd-451e-8278-b1d297125c20-1.png?resize=1024%2C474&amp;ssl=1 1024w, https:\/\/i0.wp.com\/itaca.ai\/wp-content\/uploads\/2024\/08\/25729e7c-9ebd-451e-8278-b1d297125c20-1.png?resize=300%2C139&amp;ssl=1 300w, https:\/\/i0.wp.com\/itaca.ai\/wp-content\/uploads\/2024\/08\/25729e7c-9ebd-451e-8278-b1d297125c20-1.png?resize=768%2C356&amp;ssl=1 768w, https:\/\/i0.wp.com\/itaca.ai\/wp-content\/uploads\/2024\/08\/25729e7c-9ebd-451e-8278-b1d297125c20-1.png?resize=1536%2C711&amp;ssl=1 1536w, https:\/\/i0.wp.com\/itaca.ai\/wp-content\/uploads\/2024\/08\/25729e7c-9ebd-451e-8278-b1d297125c20-1.png?w=1914&amp;ssl=1 1914w\" sizes=\"auto, (max-width: 1000px) 100vw, 1000px\" \/><\/figure>\n\n\n\n<h4 class=\"wp-block-heading\"><br>Por que n\u00e3o devo usar o ChatGPT diretamente?<\/h4>\n\n\n\n<p class=\"\">A plataforma p\u00fablica do ChatGPT usa os dados fornecidos para treinar modelos futuros, o que exp\u00f5e dados confidenciais de pacientes. Em contrapartida, a Itaca usa a API comercial do ChatGPT, que garante explicitamente em seus termos de servi\u00e7o que os dados n\u00e3o ser\u00e3o usados para treinamento ou qualquer outra finalidade: <a href=\"https:\/\/openai.com\/enterprise-privacy\/\">https:\/\/openai.com\/enterprise-privacy\/<\/a><\/p>\n\n\n\n<h4 class=\"wp-block-heading\">Como Itaca \u00e9 diferente?<\/h4>\n\n\n\n<p class=\"\">Diferentemente da IA de uso geral, o Itaca foi projetado especificamente para a \u00e1rea da sa\u00fade, incorporando recursos que melhoram a usabilidade e a confiabilidade para os profissionais da \u00e1rea m\u00e9dica. Trabalhamos em estreita colabora\u00e7\u00e3o com m\u00e9dicos experientes para revisar e refinar o sistema, garantindo que ele se alinhe \u00e0s pr\u00e1ticas recomendadas e atenda \u00e0s necessidades cl\u00ednicas.<\/p>\n\n\n\n<h4 class=\"wp-block-heading\">Quanto custa para usar o Itaca?<\/h4>\n\n\n\n<p class=\"has-text-align-left\">O senhor pode come\u00e7ar a usar o Itaca sem nenhum custo. A vers\u00e3o gratuita inclui amplo acesso a respostas m\u00e9dicas com consultas, pesquisa aprofundada, anota\u00e7\u00f5es autom\u00e1ticas de visitas de pacientes e muito mais. <br>Se, a qualquer momento, o senhor precisar de mais fun\u00e7\u00f5es ou menos limites, poder\u00e1 consultar o <a href=\"https:\/\/itaca.ai\/pt\/precos\/\">op\u00e7\u00f5es de assinatura<\/a>.<\/p>\n\n\n\n<h4 class=\"wp-block-heading\">Qual \u00e9 a precis\u00e3o das transcri\u00e7\u00f5es, das notas e das respostas geradas pela intelig\u00eancia artificial (IA)?<\/h4>\n\n\n\n<p class=\"\">As respostas geradas por IA s\u00e3o projetadas para serem altamente precisas e \u00fateis para os registros m\u00e9dicos dos pacientes. Embora a tecnologia seja avan\u00e7ada, \u00e9 importante que os profissionais de sa\u00fade analisem o conte\u00fado para garantir que ele atenda aos seus padr\u00f5es.<\/p>\n\n\n\n<h4 class=\"wp-block-heading\">Como \u00e9 garantida a seguran\u00e7a dos dados?<\/h4>\n\n\n\n<p class=\"\">O aplicativo garante a seguran\u00e7a de todos os dados do paciente usando criptografia padr\u00e3o. <a href=\"https:\/\/es.wikipedia.org\/wiki\/Advanced_Encryption_Standard\" target=\"_blank\" rel=\"noreferrer noopener nofollow\">AES-256<\/a> e seguindo as pr\u00e1ticas recomendadas do setor para armazenamento e processamento de dados. Al\u00e9m disso, o \u00e1udio gravado n\u00e3o \u00e9 armazenado, apenas as transcri\u00e7\u00f5es s\u00e3o mantidas em seguran\u00e7a.<\/p>\n\n\n\n<h4 class=\"wp-block-heading\">Os terceiros t\u00eam acesso a esses dados?<\/h4>\n\n\n\n<p class=\"\">Nenhum terceiro tem acesso aos dados dos pacientes. A privacidade e a confidencialidade dos dados s\u00e3o totalmente protegidas.<\/p>\n\n\n\n<h4 class=\"wp-block-heading\">Como os pacientes podem ser informados sobre o uso do Ithaca?<\/h4>\n\n\n\n<p class=\"\">Antes de iniciar o registro da visita do paciente, os pacientes podem ser informados por meio de uma explica\u00e7\u00e3o:<br>\u201cEsse aplicativo \u00e9 usado para gravar nossas conversas, o que ajuda a criar notas SOAP detalhadas para os registros m\u00e9dicos. Esse processo nos permite oferecer um atendimento melhor, eliminando a necessidade de fazer anota\u00e7\u00f5es durante a conversa.\u201d<\/p>","protected":false},"excerpt":{"rendered":"<p>Por que n\u00e3o devo usar o ChatGPT diretamente? A plataforma p\u00fablica do ChatGPT usa os dados fornecidos para treinar modelos futuros, o que exp\u00f5e dados confidenciais de pacientes. Em vez disso, a Itaca usa a API comercial do ChatGPT, que garante explicitamente que os dados...<\/p>","protected":false},"author":2,"featured_media":0,"parent":0,"menu_order":0,"comment_status":"closed","ping_status":"closed","template":"","meta":{"nf_dc_page":"","slim_seo":{"description":"Resolva d\u00favidas sobre o Itaca: pre\u00e7o, seguran\u00e7a, precis\u00e3o da IA e como informar os pacientes. Melhore o atendimento m\u00e9dico com transcri\u00e7\u00e3o segura e notas SOAP precisas.","title":"Perguntas frequentes - Itaca"},"footnotes":""},"class_list":["post-32","page","type-page","status-publish","hentry"],"jetpack_sharing_enabled":true,"_links":{"self":[{"href":"https:\/\/itaca.ai\/pt\/wp-json\/wp\/v2\/pages\/32","targetHints":{"allow":["GET"]}}],"collection":[{"href":"https:\/\/itaca.ai\/pt\/wp-json\/wp\/v2\/pages"}],"about":[{"href":"https:\/\/itaca.ai\/pt\/wp-json\/wp\/v2\/types\/page"}],"author":[{"embeddable":true,"href":"https:\/\/itaca.ai\/pt\/wp-json\/wp\/v2\/users\/2"}],"replies":[{"embeddable":true,"href":"https:\/\/itaca.ai\/pt\/wp-json\/wp\/v2\/comments?post=32"}],"version-history":[{"count":2,"href":"https:\/\/itaca.ai\/pt\/wp-json\/wp\/v2\/pages\/32\/revisions"}],"predecessor-version":[{"id":367,"href":"https:\/\/itaca.ai\/pt\/wp-json\/wp\/v2\/pages\/32\/revisions\/367"}],"wp:attachment":[{"href":"https:\/\/itaca.ai\/pt\/wp-json\/wp\/v2\/media?parent=32"}],"curies":[{"name":"wp","href":"https:\/\/api.w.org\/{rel}","templated":true}]}}