{"id":341,"date":"2025-09-13T18:24:18","date_gmt":"2025-09-13T18:24:18","guid":{"rendered":"https:\/\/itaca.ai\/?page_id=341"},"modified":"2025-09-13T18:27:25","modified_gmt":"2025-09-13T18:27:25","slug":"precos","status":"publish","type":"page","link":"https:\/\/itaca.ai\/pt\/prices\/","title":{"rendered":"Pre\u00e7os"},"content":{"rendered":"<h3 class=\"wp-block-heading has-text-align-center\">Pre\u00e7os<\/h3>\n\n\n\n<h4 class=\"wp-block-heading has-text-align-center\">Economize 2 horas por dia com a IA da Itaca, projetada para simplificar seu dia a dia m\u00e9dico.<\/h4>\n\n\n\n<figure data-wp-context=\"{&quot;imageId&quot;:&quot;69f89c429b8d1&quot;}\" data-wp-interactive=\"core\/image\" data-wp-key=\"69f89c429b8d1\" class=\"wp-block-image size-large wp-lightbox-container\"><img loading=\"lazy\" decoding=\"async\" width=\"2560\" height=\"1538\" data-wp-class--hide=\"state.isContentHidden\" data-wp-class--show=\"state.isContentVisible\" data-wp-init=\"callbacks.setButtonStyles\" data-wp-on--click=\"actions.showLightbox\" data-wp-on--load=\"callbacks.setButtonStyles\" data-wp-on-window--resize=\"callbacks.setButtonStyles\" src=\"https:\/\/i0.wp.com\/itaca.ai\/wp-content\/uploads\/2025\/09\/prices_usd-scaled.png?fit=1024%2C615&amp;ssl=1\" alt=\"\" class=\"wp-image-345\" srcset=\"https:\/\/i0.wp.com\/itaca.ai\/wp-content\/uploads\/2025\/09\/prices_usd-scaled.png?w=2560&amp;ssl=1 2560w, https:\/\/i0.wp.com\/itaca.ai\/wp-content\/uploads\/2025\/09\/prices_usd-scaled.png?resize=300%2C180&amp;ssl=1 300w, https:\/\/i0.wp.com\/itaca.ai\/wp-content\/uploads\/2025\/09\/prices_usd-scaled.png?resize=1024%2C615&amp;ssl=1 1024w, https:\/\/i0.wp.com\/itaca.ai\/wp-content\/uploads\/2025\/09\/prices_usd-scaled.png?resize=768%2C461&amp;ssl=1 768w, https:\/\/i0.wp.com\/itaca.ai\/wp-content\/uploads\/2025\/09\/prices_usd-scaled.png?resize=1536%2C923&amp;ssl=1 1536w, https:\/\/i0.wp.com\/itaca.ai\/wp-content\/uploads\/2025\/09\/prices_usd-scaled.png?resize=2048%2C1230&amp;ssl=1 2048w, https:\/\/i0.wp.com\/itaca.ai\/wp-content\/uploads\/2025\/09\/prices_usd-scaled.png?resize=18%2C12&amp;ssl=1 18w\" sizes=\"auto, (max-width: 1000px) 100vw, 1000px\" \/><button\n\t\t\tclass=\"lightbox-trigger\"\n\t\t\ttype=\"button\"\n\t\t\taria-haspopup=\"dialog\"\n\t\t\taria-label=\"Ampliar\"\n\t\t\tdata-wp-init=\"callbacks.initTriggerButton\"\n\t\t\tdata-wp-on--click=\"actions.showLightbox\"\n\t\t\tdata-wp-style--right=\"state.imageButtonRight\"\n\t\t\tdata-wp-style--top=\"state.imageButtonTop\"\n\t\t>\n\t\t\t<svg xmlns=\"http:\/\/www.w3.org\/2000\/svg\" width=\"12\" height=\"12\" fill=\"none\" viewbox=\"0 0 12 12\">\n\t\t\t\t<path fill=\"#fff\" d=\"M2 0a2 2 0 0 0-2 2v2h1.5V2a.5.5 0 0 1 .5-.5h2V0H2Zm2 10.5H2a.5.5 0 0 1-.5-.5V8H0v2a2 2 0 0 0 2 2h2v-1.5ZM8 12v-1.5h2a.5.5 0 0 0 .5-.5V8H12v2a2 2 0 0 1-2 2H8Zm2-12a2 2 0 0 1 2 2v2h-1.5V2a.5.5 0 0 0-.5-.5H8V0h2Z\" \/>\n\t\t\t<\/svg>\n\t\t<\/button><\/figure>\n\n\n\n<div class=\"wp-block-buttons is-content-justification-center is-layout-flex wp-container-core-buttons-is-layout-a89b3969 wp-block-buttons-is-layout-flex\">\n<div class=\"is-style-button-hover-secondary-bgcolor wp-block-button\"><a class=\"wp-block-button__link has-heading-color-background-color has-background has-text-align-center wp-element-button\" href=\"https:\/\/app.itaca.pro\/sign_up?locale=pt\" style=\"border-radius:50px\">Cadastre-se gratuitamente<\/a><\/div>\n<\/div>\n\n\n\n<div style=\"height:100px\" aria-hidden=\"true\" class=\"wp-block-spacer\"><\/div>\n\n\n\n<h4 class=\"wp-block-heading has-text-align-center\">Depoimentos<\/h4>\n\n\n\n<script type=\"text\/javascript\" src=\"https:\/\/testimonial.to\/js\/iframeResizer.min.js\"><\/script>\n<iframe id='testimonialto-062c905c-d9a7-4a65-ace1-61cb0c62b3bd' src=\"https:\/\/embed-v2.testimonial.to\/w\/itaca?id=062c905c-d9a7-4a65-ace1-61cb0c62b3bd\" frameborder=\"0\" scrolling=\"no\" width=\"100%\" ><\/iframe>\n<script type=\"text\/javascript\">iFrameResize({log: false, checkOrigin: false}, '#testimonialto-062c905c-d9a7-4a65-ace1-61cb0c62b3bd');<\/script>\n\n\n\n<p class=\"\"><\/p>","protected":false},"excerpt":{"rendered":"<p>Precios Ahorre 2 horas al d\u00eda con la IA de Itaca, dise\u00f1ada para simplificar su jornada m\u00e9dica Testimonios<\/p>","protected":false},"author":2,"featured_media":0,"parent":0,"menu_order":0,"comment_status":"closed","ping_status":"closed","template":"","meta":{"nf_dc_page":"","slim_seo":{"description":"Compare os planos da Itaca para profissionais de sa\u00fade. Descubra op\u00e7\u00f5es gratuitas e pagas para acessar ferramentas cl\u00ednicas de IA, sem compromisso ou necessidade de cart\u00e3o de cr\u00e9dito.","title":"Prices - Itaca"},"footnotes":""},"class_list":["post-341","page","type-page","status-publish","hentry"],"jetpack_sharing_enabled":true,"_links":{"self":[{"href":"https:\/\/itaca.ai\/pt\/wp-json\/wp\/v2\/pages\/341","targetHints":{"allow":["GET"]}}],"collection":[{"href":"https:\/\/itaca.ai\/pt\/wp-json\/wp\/v2\/pages"}],"about":[{"href":"https:\/\/itaca.ai\/pt\/wp-json\/wp\/v2\/types\/page"}],"author":[{"embeddable":true,"href":"https:\/\/itaca.ai\/pt\/wp-json\/wp\/v2\/users\/2"}],"replies":[{"embeddable":true,"href":"https:\/\/itaca.ai\/pt\/wp-json\/wp\/v2\/comments?post=341"}],"version-history":[{"count":15,"href":"https:\/\/itaca.ai\/pt\/wp-json\/wp\/v2\/pages\/341\/revisions"}],"predecessor-version":[{"id":361,"href":"https:\/\/itaca.ai\/pt\/wp-json\/wp\/v2\/pages\/341\/revisions\/361"}],"wp:attachment":[{"href":"https:\/\/itaca.ai\/pt\/wp-json\/wp\/v2\/media?parent=341"}],"curies":[{"name":"wp","href":"https:\/\/api.w.org\/{rel}","templated":true}]}}